{"id":2,"date":"2020-04-03T06:59:35","date_gmt":"2020-04-03T04:59:35","guid":{"rendered":"https:\/\/croixglorieuse.org\/paques\/?page_id=2"},"modified":"2020-04-03T18:00:24","modified_gmt":"2020-04-03T16:00:24","slug":"page-d-exemple","status":"publish","type":"page","link":"https:\/\/croixglorieuse.org\/paques\/","title":{"rendered":"Bienvenue !"},"content":{"rendered":"\n<h2>Bienvenue !<\/h2>\n\n\n\n<figure class=\"wp-block-image size-large\"><img loading=\"lazy\" width=\"1024\" height=\"576\" src=\"https:\/\/croixglorieuse.org\/paques\/wp-content\/uploads\/2020\/04\/image1-1024x576.jpg\" alt=\"\" class=\"wp-image-151\" srcset=\"https:\/\/croixglorieuse.org\/paques\/wp-content\/uploads\/2020\/04\/image1-1024x576.jpg 1024w, https:\/\/croixglorieuse.org\/paques\/wp-content\/uploads\/2020\/04\/image1-300x169.jpg 300w, https:\/\/croixglorieuse.org\/paques\/wp-content\/uploads\/2020\/04\/image1-768x432.jpg 768w, https:\/\/croixglorieuse.org\/paques\/wp-content\/uploads\/2020\/04\/image1-1536x864.jpg 1536w, https:\/\/croixglorieuse.org\/paques\/wp-content\/uploads\/2020\/04\/image1.jpg 1920w\" sizes=\"(max-width: 1024px) 100vw, 1024px\" \/><\/figure>\n\n\n\n<p><strong>Que vous soyez en confinement avec votre famille ou que vous soyez seul, vous pouvez vivre cette grande f\u00eate de P\u00e2ques \u00e0 travers toutes les propositions qui vous sont faites en ligne.<\/strong><\/p>\n\n\n\n<p><strong>Mais vous pouvez aussi participer chez vous, dans l\u2019intimit\u00e9 de votre maison.<\/strong><\/p>\n\n\n\n<p><strong>Comme pour No\u00ebl o\u00f9 nous faisons la cr\u00e8che, vous pouvez aussi &nbsp;faire des d\u00e9corations &nbsp;en fonction du message de chaque jour Saint.<\/strong><\/p>\n\n\n\n<p><strong>Pour cette raison vous trouverez sur ce site des propositions de d\u00e9corations qui pourront vous aider \u00e0 vivre  les f\u00eates de P\u00e2ques.<\/strong><\/p>\n\n\n\n<p><strong>L\u2019\u00c9glise nous dit bien que chaque foyer est une petite \u00ab \u00c9glise domestique \u00bb&nbsp;!<\/strong><\/p>\n\n\n\n<p><strong>Je vous souhaite de tr\u00e8s bonnes f\u00eates de P\u00e2ques.<\/strong><\/p>\n\n\n\n<p>Anne-Marie Mar<\/p>\n\n\n\n<p><\/p>\n\n\n\n<figure class=\"wp-block-embed-youtube wp-block-embed is-type-video is-provider-youtube wp-embed-aspect-4-3 wp-has-aspect-ratio\"><div class=\"wp-block-embed__wrapper\">\n<iframe loading=\"lazy\" title=\"Introduction Pa\u0302ques a\u0300 la maison\" width=\"640\" height=\"480\" src=\"https:\/\/www.youtube.com\/embed\/55KV70bhWXM?feature=oembed\" frameborder=\"0\" allow=\"accelerometer; autoplay; encrypted-media; gyroscope; picture-in-picture\" allowfullscreen><\/iframe>\n<\/div><\/figure>\n","protected":false},"excerpt":{"rendered":"<p>Bienvenue ! Que vous soyez en confinement avec votre famille ou que vous soyez seul, vous pouvez vivre cette grande f\u00eate de P\u00e2ques \u00e0 travers [&hellip;]<\/p>\n","protected":false},"author":1,"featured_media":0,"parent":0,"menu_order":0,"comment_status":"closed","ping_status":"open","template":"","meta":[],"_links":{"self":[{"href":"https:\/\/croixglorieuse.org\/paques\/wp-json\/wp\/v2\/pages\/2"}],"collection":[{"href":"https:\/\/croixglorieuse.org\/paques\/wp-json\/wp\/v2\/pages"}],"about":[{"href":"https:\/\/croixglorieuse.org\/paques\/wp-json\/wp\/v2\/types\/page"}],"author":[{"embeddable":true,"href":"https:\/\/croixglorieuse.org\/paques\/wp-json\/wp\/v2\/users\/1"}],"replies":[{"embeddable":true,"href":"https:\/\/croixglorieuse.org\/paques\/wp-json\/wp\/v2\/comments?post=2"}],"version-history":[{"count":15,"href":"https:\/\/croixglorieuse.org\/paques\/wp-json\/wp\/v2\/pages\/2\/revisions"}],"predecessor-version":[{"id":169,"href":"https:\/\/croixglorieuse.org\/paques\/wp-json\/wp\/v2\/pages\/2\/revisions\/169"}],"wp:attachment":[{"href":"https:\/\/croixglorieuse.org\/paques\/wp-json\/wp\/v2\/media?parent=2"}],"curies":[{"name":"wp","href":"https:\/\/api.w.org\/{rel}","templated":true}]}}