{"id":28,"date":"2020-04-03T08:31:36","date_gmt":"2020-04-03T06:31:36","guid":{"rendered":"https:\/\/croixglorieuse.org\/paques\/?page_id=28"},"modified":"2020-04-03T17:47:03","modified_gmt":"2020-04-03T15:47:03","slug":"fete-des-rameaux","status":"publish","type":"page","link":"https:\/\/croixglorieuse.org\/paques\/fete-des-rameaux\/","title":{"rendered":"F\u00eate des Rameaux"},"content":{"rendered":"\n<h2>F\u00eate des Rameaux<\/h2>\n\n\n\n<p>R\u00e9f\u00e9rence biblique (cliquez dessus) : <a rel=\"noreferrer noopener\" href=\"https:\/\/www.aelf.org\/bible\/Mt\/21\" target=\"_blank\">Mathieu ch 21, versets 1-11<\/a> <\/p>\n\n\n\n<figure class=\"wp-block-embed-youtube wp-block-embed is-type-video is-provider-youtube wp-embed-aspect-16-9 wp-has-aspect-ratio\"><div class=\"wp-block-embed__wrapper\">\n<iframe loading=\"lazy\" title=\"Les Rameaux 1\" width=\"640\" height=\"360\" src=\"https:\/\/www.youtube.com\/embed\/e2JabGYLwp4?feature=oembed\" frameborder=\"0\" allow=\"accelerometer; autoplay; encrypted-media; gyroscope; picture-in-picture\" allowfullscreen><\/iframe>\n<\/div><\/figure>\n\n\n\n<figure class=\"wp-block-embed-youtube wp-block-embed is-type-video is-provider-youtube wp-embed-aspect-16-9 wp-has-aspect-ratio\"><div class=\"wp-block-embed__wrapper\">\n<iframe loading=\"lazy\" title=\"Les Rameaux 2\" width=\"640\" height=\"360\" src=\"https:\/\/www.youtube.com\/embed\/yxpoblhwd1E?feature=oembed\" frameborder=\"0\" allow=\"accelerometer; autoplay; encrypted-media; gyroscope; picture-in-picture\" allowfullscreen><\/iframe>\n<\/div><\/figure>\n\n\n\n<figure class=\"wp-block-embed-youtube wp-block-embed is-type-video is-provider-youtube wp-embed-aspect-16-9 wp-has-aspect-ratio\"><div class=\"wp-block-embed__wrapper\">\n<iframe loading=\"lazy\" title=\"Les Rameaux   3\" width=\"640\" height=\"360\" src=\"https:\/\/www.youtube.com\/embed\/mxLP3T8nUhc?feature=oembed\" frameborder=\"0\" allow=\"accelerometer; autoplay; encrypted-media; gyroscope; picture-in-picture\" allowfullscreen><\/iframe>\n<\/div><\/figure>\n","protected":false},"excerpt":{"rendered":"<p>F\u00eate des Rameaux R\u00e9f\u00e9rence biblique (cliquez dessus) : Mathieu ch 21, versets 1-11<\/p>\n","protected":false},"author":1,"featured_media":0,"parent":0,"menu_order":0,"comment_status":"closed","ping_status":"closed","template":"","meta":[],"_links":{"self":[{"href":"https:\/\/croixglorieuse.org\/paques\/wp-json\/wp\/v2\/pages\/28"}],"collection":[{"href":"https:\/\/croixglorieuse.org\/paques\/wp-json\/wp\/v2\/pages"}],"about":[{"href":"https:\/\/croixglorieuse.org\/paques\/wp-json\/wp\/v2\/types\/page"}],"author":[{"embeddable":true,"href":"https:\/\/croixglorieuse.org\/paques\/wp-json\/wp\/v2\/users\/1"}],"replies":[{"embeddable":true,"href":"https:\/\/croixglorieuse.org\/paques\/wp-json\/wp\/v2\/comments?post=28"}],"version-history":[{"count":9,"href":"https:\/\/croixglorieuse.org\/paques\/wp-json\/wp\/v2\/pages\/28\/revisions"}],"predecessor-version":[{"id":160,"href":"https:\/\/croixglorieuse.org\/paques\/wp-json\/wp\/v2\/pages\/28\/revisions\/160"}],"wp:attachment":[{"href":"https:\/\/croixglorieuse.org\/paques\/wp-json\/wp\/v2\/media?parent=28"}],"curies":[{"name":"wp","href":"https:\/\/api.w.org\/{rel}","templated":true}]}}