{"id":30,"date":"2020-04-03T08:31:58","date_gmt":"2020-04-03T06:31:58","guid":{"rendered":"https:\/\/croixglorieuse.org\/paques\/?page_id=30"},"modified":"2020-04-04T18:30:57","modified_gmt":"2020-04-04T16:30:57","slug":"jeudi-saint","status":"publish","type":"page","link":"https:\/\/croixglorieuse.org\/paques\/jeudi-saint\/","title":{"rendered":"Jeudi Saint"},"content":{"rendered":"\n<h2>Jeudi Saint<\/h2>\n\n\n\n<p> <strong>\u00ab\u00a0L&rsquo;institution de l&rsquo;Eucharistie\u00a0\u00bb<\/strong>  R\u00e9f\u00e9rence (cliquez dessus) : <a href=\"https:\/\/www.aelf.org\/bible\/Mc\/14\">Marc ch 14, versets 12-31 <\/a><\/p>\n\n\n\n<p> <strong>\u00ab\u00a0Le lavement des pieds\u00a0\u00bb <\/strong> R\u00e9f\u00e9rence (cliquez dessus) : <a href=\"https:\/\/www.aelf.org\/bible\/Jn\/13\">Jean  ch 13, versets 1-15<\/a><\/p>\n\n\n\n<figure class=\"wp-block-embed-youtube wp-block-embed is-type-video is-provider-youtube wp-embed-aspect-16-9 wp-has-aspect-ratio\"><div class=\"wp-block-embed__wrapper\">\n<iframe loading=\"lazy\" title=\"Jeudi saint - Le dernier repas de J\u00e9sus\" width=\"640\" height=\"360\" src=\"https:\/\/www.youtube.com\/embed\/ajcdqpKdPkM?feature=oembed\" frameborder=\"0\" allow=\"accelerometer; autoplay; encrypted-media; gyroscope; picture-in-picture\" allowfullscreen><\/iframe>\n<\/div><\/figure>\n\n\n\n<figure class=\"wp-block-image size-large is-resized\"><img loading=\"lazy\" src=\"https:\/\/croixglorieuse.org\/paques\/wp-content\/uploads\/2020\/04\/Jeudi-saint-Le-dernier-repas-de-J\u00e9sus-768x1024.jpg\" alt=\"\" class=\"wp-image-106\" width=\"242\" height=\"322\" srcset=\"https:\/\/croixglorieuse.org\/paques\/wp-content\/uploads\/2020\/04\/Jeudi-saint-Le-dernier-repas-de-J\u00e9sus-768x1024.jpg 768w, https:\/\/croixglorieuse.org\/paques\/wp-content\/uploads\/2020\/04\/Jeudi-saint-Le-dernier-repas-de-J\u00e9sus-225x300.jpg 225w, https:\/\/croixglorieuse.org\/paques\/wp-content\/uploads\/2020\/04\/Jeudi-saint-Le-dernier-repas-de-J\u00e9sus-1152x1536.jpg 1152w, https:\/\/croixglorieuse.org\/paques\/wp-content\/uploads\/2020\/04\/Jeudi-saint-Le-dernier-repas-de-J\u00e9sus-1536x2048.jpg 1536w, https:\/\/croixglorieuse.org\/paques\/wp-content\/uploads\/2020\/04\/Jeudi-saint-Le-dernier-repas-de-J\u00e9sus-scaled.jpg 1920w\" sizes=\"(max-width: 242px) 100vw, 242px\" \/><\/figure>\n\n\n\n<p> <strong>\u00ab\u00a0La pri\u00e8re de J\u00e9sus\u00a0\u00bb <\/strong>R\u00e9f\u00e9rence biblique (cliquez dessus) :<a href=\"https:\/\/www.aelf.org\/bible\/Lc\/22\"> Luc ch 22, versets 39-46<\/a><\/p>\n\n\n\n<figure class=\"wp-block-embed-youtube wp-block-embed is-type-video is-provider-youtube wp-embed-aspect-16-9 wp-has-aspect-ratio\"><div class=\"wp-block-embed__wrapper\">\n<iframe loading=\"lazy\" title=\"Jeudi saint J\u00e9sus au mont des Olivier G\u00e9ths\u00e9mani\" width=\"640\" height=\"360\" src=\"https:\/\/www.youtube.com\/embed\/U-Ev_aFO-64?feature=oembed\" frameborder=\"0\" allow=\"accelerometer; autoplay; encrypted-media; gyroscope; picture-in-picture\" allowfullscreen><\/iframe>\n<\/div><\/figure>\n\n\n\n<div class=\"wp-block-group\"><div class=\"wp-block-group__inner-container\">\n<figure class=\"wp-block-gallery columns-2 is-cropped\"><ul class=\"blocks-gallery-grid\"><li class=\"blocks-gallery-item\"><figure><img loading=\"lazy\" width=\"768\" height=\"1024\" src=\"https:\/\/croixglorieuse.org\/paques\/wp-content\/uploads\/2020\/04\/Jeudi-saint-Geths\u00e9mani1-768x1024.jpg\" alt=\"\" data-id=\"87\" data-full-url=\"https:\/\/croixglorieuse.org\/paques\/wp-content\/uploads\/2020\/04\/Jeudi-saint-Geths\u00e9mani1-scaled.jpg\" data-link=\"https:\/\/croixglorieuse.org\/paques\/jeudi-saint\/jeudi-saint-gethsemani1\/\" class=\"wp-image-87\" srcset=\"https:\/\/croixglorieuse.org\/paques\/wp-content\/uploads\/2020\/04\/Jeudi-saint-Geths\u00e9mani1-768x1024.jpg 768w, https:\/\/croixglorieuse.org\/paques\/wp-content\/uploads\/2020\/04\/Jeudi-saint-Geths\u00e9mani1-225x300.jpg 225w, https:\/\/croixglorieuse.org\/paques\/wp-content\/uploads\/2020\/04\/Jeudi-saint-Geths\u00e9mani1-1152x1536.jpg 1152w, https:\/\/croixglorieuse.org\/paques\/wp-content\/uploads\/2020\/04\/Jeudi-saint-Geths\u00e9mani1-1536x2048.jpg 1536w, https:\/\/croixglorieuse.org\/paques\/wp-content\/uploads\/2020\/04\/Jeudi-saint-Geths\u00e9mani1-scaled.jpg 1920w\" sizes=\"(max-width: 768px) 100vw, 768px\" \/><\/figure><\/li><li class=\"blocks-gallery-item\"><figure><img loading=\"lazy\" width=\"768\" height=\"1024\" src=\"https:\/\/croixglorieuse.org\/paques\/wp-content\/uploads\/2020\/04\/Jeudi-saint-Geths\u00e9mani2-768x1024.jpg\" alt=\"\" data-id=\"86\" data-full-url=\"https:\/\/croixglorieuse.org\/paques\/wp-content\/uploads\/2020\/04\/Jeudi-saint-Geths\u00e9mani2-scaled.jpg\" data-link=\"https:\/\/croixglorieuse.org\/paques\/jeudi-saint\/jeudi-saint-gethsemani2\/\" class=\"wp-image-86\" srcset=\"https:\/\/croixglorieuse.org\/paques\/wp-content\/uploads\/2020\/04\/Jeudi-saint-Geths\u00e9mani2-768x1024.jpg 768w, https:\/\/croixglorieuse.org\/paques\/wp-content\/uploads\/2020\/04\/Jeudi-saint-Geths\u00e9mani2-225x300.jpg 225w, https:\/\/croixglorieuse.org\/paques\/wp-content\/uploads\/2020\/04\/Jeudi-saint-Geths\u00e9mani2-1152x1536.jpg 1152w, https:\/\/croixglorieuse.org\/paques\/wp-content\/uploads\/2020\/04\/Jeudi-saint-Geths\u00e9mani2-1536x2048.jpg 1536w, https:\/\/croixglorieuse.org\/paques\/wp-content\/uploads\/2020\/04\/Jeudi-saint-Geths\u00e9mani2-scaled.jpg 1920w\" sizes=\"(max-width: 768px) 100vw, 768px\" \/><\/figure><\/li><\/ul><\/figure>\n<\/div><\/div>\n\n\n\n<p>Et le tutoriel de Jean-Luc pour pr\u00e9parer le pain du S\u00e9der (pain du Jeudi Saint)<\/p>\n\n\n\n<figure class=\"wp-block-embed-youtube wp-block-embed is-type-video is-provider-youtube wp-embed-aspect-16-9 wp-has-aspect-ratio\"><div class=\"wp-block-embed__wrapper\">\n<iframe loading=\"lazy\" title=\"Faire le pain pour le Jeudi Saint\" width=\"640\" height=\"360\" src=\"https:\/\/www.youtube.com\/embed\/WvwUtk73_HU?feature=oembed\" frameborder=\"0\" allow=\"accelerometer; autoplay; encrypted-media; gyroscope; picture-in-picture\" allowfullscreen><\/iframe>\n<\/div><figcaption>Fabriquer son pain pour le \u00ab\u00a0Repas du S\u00e9der\u00a0\u00bb<\/figcaption><\/figure>\n\n\n\n<figure class=\"wp-block-image size-large is-resized\"><img loading=\"lazy\" src=\"https:\/\/croixglorieuse.org\/paques\/wp-content\/uploads\/2020\/04\/pain-576x1024.jpg\" alt=\"\" class=\"wp-image-175\" width=\"226\" height=\"402\" srcset=\"https:\/\/croixglorieuse.org\/paques\/wp-content\/uploads\/2020\/04\/pain-576x1024.jpg 576w, https:\/\/croixglorieuse.org\/paques\/wp-content\/uploads\/2020\/04\/pain-169x300.jpg 169w, https:\/\/croixglorieuse.org\/paques\/wp-content\/uploads\/2020\/04\/pain-768x1366.jpg 768w, https:\/\/croixglorieuse.org\/paques\/wp-content\/uploads\/2020\/04\/pain-864x1536.jpg 864w, https:\/\/croixglorieuse.org\/paques\/wp-content\/uploads\/2020\/04\/pain.jpg 1120w\" sizes=\"(max-width: 226px) 100vw, 226px\" \/><\/figure>\n","protected":false},"excerpt":{"rendered":"<p>Jeudi Saint \u00ab\u00a0L&rsquo;institution de l&rsquo;Eucharistie\u00a0\u00bb R\u00e9f\u00e9rence (cliquez dessus) : Marc ch 14, versets 12-31 \u00ab\u00a0Le lavement des pieds\u00a0\u00bb R\u00e9f\u00e9rence (cliquez dessus) : Jean ch 13, [&hellip;]<\/p>\n","protected":false},"author":1,"featured_media":0,"parent":0,"menu_order":0,"comment_status":"closed","ping_status":"closed","template":"","meta":[],"_links":{"self":[{"href":"https:\/\/croixglorieuse.org\/paques\/wp-json\/wp\/v2\/pages\/30"}],"collection":[{"href":"https:\/\/croixglorieuse.org\/paques\/wp-json\/wp\/v2\/pages"}],"about":[{"href":"https:\/\/croixglorieuse.org\/paques\/wp-json\/wp\/v2\/types\/page"}],"author":[{"embeddable":true,"href":"https:\/\/croixglorieuse.org\/paques\/wp-json\/wp\/v2\/users\/1"}],"replies":[{"embeddable":true,"href":"https:\/\/croixglorieuse.org\/paques\/wp-json\/wp\/v2\/comments?post=30"}],"version-history":[{"count":16,"href":"https:\/\/croixglorieuse.org\/paques\/wp-json\/wp\/v2\/pages\/30\/revisions"}],"predecessor-version":[{"id":176,"href":"https:\/\/croixglorieuse.org\/paques\/wp-json\/wp\/v2\/pages\/30\/revisions\/176"}],"wp:attachment":[{"href":"https:\/\/croixglorieuse.org\/paques\/wp-json\/wp\/v2\/media?parent=30"}],"curies":[{"name":"wp","href":"https:\/\/api.w.org\/{rel}","templated":true}]}}