{"id":32,"date":"2020-04-03T08:32:12","date_gmt":"2020-04-03T06:32:12","guid":{"rendered":"https:\/\/croixglorieuse.org\/paques\/?page_id=32"},"modified":"2020-04-03T18:02:13","modified_gmt":"2020-04-03T16:02:13","slug":"vendredi-saint","status":"publish","type":"page","link":"https:\/\/croixglorieuse.org\/paques\/vendredi-saint\/","title":{"rendered":"Vendredi Saint"},"content":{"rendered":"\n<h2>Vendredi Saint <\/h2>\n\n\n\n<p><strong>\u00ab\u00a0La mort de J\u00e9sus sur la Croix\u00a0\u00bb<\/strong> R\u00e9f\u00e9rence (cliquez dessus) : <a href=\"https:\/\/www.aelf.org\/bible\/Jn\/19\">Jean ch 19, versets 23-30<\/a><\/p>\n\n\n\n<figure class=\"wp-block-embed-youtube wp-block-embed is-type-video is-provider-youtube wp-embed-aspect-16-9 wp-has-aspect-ratio\"><div class=\"wp-block-embed__wrapper\">\n<iframe loading=\"lazy\" title=\"Vendredi Saint   Mort de J\u00e9sus sur la croix 1\" width=\"640\" height=\"360\" src=\"https:\/\/www.youtube.com\/embed\/GM1h3xE5jUM?feature=oembed\" frameborder=\"0\" allow=\"accelerometer; autoplay; encrypted-media; gyroscope; picture-in-picture\" allowfullscreen><\/iframe>\n<\/div><\/figure>\n\n\n\n<figure class=\"wp-block-embed-youtube wp-block-embed is-type-video is-provider-youtube wp-embed-aspect-16-9 wp-has-aspect-ratio\"><div class=\"wp-block-embed__wrapper\">\n<iframe loading=\"lazy\" title=\"Vendredi Saint La mort de J\u00e9sus- Marie au pied de la croix 2\" width=\"640\" height=\"360\" src=\"https:\/\/www.youtube.com\/embed\/7ov6opevGZ8?feature=oembed\" frameborder=\"0\" allow=\"accelerometer; autoplay; encrypted-media; gyroscope; picture-in-picture\" allowfullscreen><\/iframe>\n<\/div><\/figure>\n\n\n\n<figure class=\"wp-block-image size-large is-resized\"><img loading=\"lazy\" src=\"https:\/\/croixglorieuse.org\/paques\/wp-content\/uploads\/2020\/04\/Vendredi-saint-Mort-de-J\u00e9sus-sur-la-croix-Marie-pr\u00e8s-de-la-croix-d\u00e9co3-768x1024.jpg\" alt=\"\" class=\"wp-image-81\" width=\"265\" height=\"352\" srcset=\"https:\/\/croixglorieuse.org\/paques\/wp-content\/uploads\/2020\/04\/Vendredi-saint-Mort-de-J\u00e9sus-sur-la-croix-Marie-pr\u00e8s-de-la-croix-d\u00e9co3-768x1024.jpg 768w, https:\/\/croixglorieuse.org\/paques\/wp-content\/uploads\/2020\/04\/Vendredi-saint-Mort-de-J\u00e9sus-sur-la-croix-Marie-pr\u00e8s-de-la-croix-d\u00e9co3-225x300.jpg 225w, https:\/\/croixglorieuse.org\/paques\/wp-content\/uploads\/2020\/04\/Vendredi-saint-Mort-de-J\u00e9sus-sur-la-croix-Marie-pr\u00e8s-de-la-croix-d\u00e9co3-1152x1536.jpg 1152w, https:\/\/croixglorieuse.org\/paques\/wp-content\/uploads\/2020\/04\/Vendredi-saint-Mort-de-J\u00e9sus-sur-la-croix-Marie-pr\u00e8s-de-la-croix-d\u00e9co3-1536x2048.jpg 1536w, https:\/\/croixglorieuse.org\/paques\/wp-content\/uploads\/2020\/04\/Vendredi-saint-Mort-de-J\u00e9sus-sur-la-croix-Marie-pr\u00e8s-de-la-croix-d\u00e9co3-scaled.jpg 1920w\" sizes=\"(max-width: 265px) 100vw, 265px\" \/><\/figure>\n\n\n\n<p> <strong>\u00ab\u00a0La mise au tombeau\u00a0\u00bb<\/strong> R\u00e9f\u00e9rence biblique (cliquer dessus) : <a href=\"https:\/\/www.aelf.org\/bible\/Jn\/19\">Jean ch 19, versets 38-42<\/a><\/p>\n\n\n\n<figure class=\"wp-block-embed-youtube wp-block-embed is-type-video is-provider-youtube wp-embed-aspect-16-9 wp-has-aspect-ratio\"><div class=\"wp-block-embed__wrapper\">\n<iframe loading=\"lazy\" title=\"Vendredi saint Mise au tombeau 1\" width=\"640\" height=\"360\" src=\"https:\/\/www.youtube.com\/embed\/Wp_jNuSYs34?feature=oembed\" frameborder=\"0\" allow=\"accelerometer; autoplay; encrypted-media; gyroscope; picture-in-picture\" allowfullscreen><\/iframe>\n<\/div><\/figure>\n\n\n\n<figure class=\"wp-block-embed-youtube wp-block-embed is-type-video is-provider-youtube wp-embed-aspect-16-9 wp-has-aspect-ratio\"><div class=\"wp-block-embed__wrapper\">\n<iframe loading=\"lazy\" title=\"Vendredi Saint La mise au tonbeau2\" width=\"640\" height=\"360\" src=\"https:\/\/www.youtube.com\/embed\/-8zRH1ZGO5A?feature=oembed\" frameborder=\"0\" allow=\"accelerometer; autoplay; encrypted-media; gyroscope; picture-in-picture\" allowfullscreen><\/iframe>\n<\/div><\/figure>\n\n\n\n<figure class=\"wp-block-embed-youtube wp-block-embed is-type-video is-provider-youtube wp-embed-aspect-16-9 wp-has-aspect-ratio\"><div class=\"wp-block-embed__wrapper\">\n<iframe loading=\"lazy\" title=\"Vendredi saint  La mise au tombeau3\" width=\"640\" height=\"360\" src=\"https:\/\/www.youtube.com\/embed\/Sd4cEwmd9M8?feature=oembed\" frameborder=\"0\" allow=\"accelerometer; autoplay; encrypted-media; gyroscope; picture-in-picture\" allowfullscreen><\/iframe>\n<\/div><\/figure>\n","protected":false},"excerpt":{"rendered":"<p>Vendredi Saint \u00ab\u00a0La mort de J\u00e9sus sur la Croix\u00a0\u00bb R\u00e9f\u00e9rence (cliquez dessus) : Jean ch 19, versets 23-30 \u00ab\u00a0La mise au tombeau\u00a0\u00bb R\u00e9f\u00e9rence biblique (cliquer [&hellip;]<\/p>\n","protected":false},"author":1,"featured_media":0,"parent":0,"menu_order":0,"comment_status":"closed","ping_status":"closed","template":"","meta":[],"_links":{"self":[{"href":"https:\/\/croixglorieuse.org\/paques\/wp-json\/wp\/v2\/pages\/32"}],"collection":[{"href":"https:\/\/croixglorieuse.org\/paques\/wp-json\/wp\/v2\/pages"}],"about":[{"href":"https:\/\/croixglorieuse.org\/paques\/wp-json\/wp\/v2\/types\/page"}],"author":[{"embeddable":true,"href":"https:\/\/croixglorieuse.org\/paques\/wp-json\/wp\/v2\/users\/1"}],"replies":[{"embeddable":true,"href":"https:\/\/croixglorieuse.org\/paques\/wp-json\/wp\/v2\/comments?post=32"}],"version-history":[{"count":8,"href":"https:\/\/croixglorieuse.org\/paques\/wp-json\/wp\/v2\/pages\/32\/revisions"}],"predecessor-version":[{"id":172,"href":"https:\/\/croixglorieuse.org\/paques\/wp-json\/wp\/v2\/pages\/32\/revisions\/172"}],"wp:attachment":[{"href":"https:\/\/croixglorieuse.org\/paques\/wp-json\/wp\/v2\/media?parent=32"}],"curies":[{"name":"wp","href":"https:\/\/api.w.org\/{rel}","templated":true}]}}