{"id":34,"date":"2020-04-03T08:32:30","date_gmt":"2020-04-03T06:32:30","guid":{"rendered":"https:\/\/croixglorieuse.org\/paques\/?page_id=34"},"modified":"2020-04-03T14:31:56","modified_gmt":"2020-04-03T12:31:56","slug":"samedi-saint","status":"publish","type":"page","link":"https:\/\/croixglorieuse.org\/paques\/samedi-saint\/","title":{"rendered":"Samedi Saint"},"content":{"rendered":"\n<h2>Samedi Saint<\/h2>\n\n\n\n<p><strong>Samedi saint, jour d\u2019intimit\u00e9 avec Marie, jour de silence\u2026 Jour d\u2019anamn\u00e8se o\u00f9 on revoit le chemin parcouru avec J\u00e9sus \u2026 Jour de larmes peut-\u00eatre\u2026 Jour d\u2019attente&#8230;<\/strong><\/p>\n\n\n\n<p>C\u00e9l\u00e9brant la Vierge Marie \u00e0 la&nbsp;R\u00e9surrection du Seigneur, la pr\u00e9face liturgique chante:<\/p>\n\n\n\n<p>\u00ab Marie a attendu dans la foi la r\u00e9surrection de Celui qu\u2019elle avait con\u00e7u dans la foi&nbsp;; Forte de sa foi, <strong>elle a veill\u00e9 <\/strong>jusqu\u2019 au jour de lumi\u00e8re et de vie qui a dissip\u00e9 la nuit de la mort, et rempli d\u2019all\u00e9gresse l\u2019univers entier ; le jour o\u00f9 l\u2019Eglise naissante, tremblante de joie, retrouve son Seigneur immortel. \u00bb<\/p>\n\n\n\n<figure class=\"wp-block-embed-youtube wp-block-embed is-type-video is-provider-youtube wp-embed-aspect-16-9 wp-has-aspect-ratio\"><div class=\"wp-block-embed__wrapper\">\n<iframe loading=\"lazy\" title=\"Samedi Saint avec Marie\" width=\"640\" height=\"360\" src=\"https:\/\/www.youtube.com\/embed\/ldt4H09o9cw?feature=oembed\" frameborder=\"0\" allow=\"accelerometer; autoplay; encrypted-media; gyroscope; picture-in-picture\" allowfullscreen><\/iframe>\n<\/div><\/figure>\n\n\n\n<figure class=\"wp-block-image size-large is-resized\"><img loading=\"lazy\" src=\"https:\/\/croixglorieuse.org\/paques\/wp-content\/uploads\/2020\/04\/Samedi-saint-Vivre-avec-Marie-1-768x1024.jpg\" alt=\"\" class=\"wp-image-92\" width=\"222\" height=\"295\" srcset=\"https:\/\/croixglorieuse.org\/paques\/wp-content\/uploads\/2020\/04\/Samedi-saint-Vivre-avec-Marie-1-768x1024.jpg 768w, https:\/\/croixglorieuse.org\/paques\/wp-content\/uploads\/2020\/04\/Samedi-saint-Vivre-avec-Marie-1-225x300.jpg 225w, https:\/\/croixglorieuse.org\/paques\/wp-content\/uploads\/2020\/04\/Samedi-saint-Vivre-avec-Marie-1-1152x1536.jpg 1152w, https:\/\/croixglorieuse.org\/paques\/wp-content\/uploads\/2020\/04\/Samedi-saint-Vivre-avec-Marie-1-1536x2048.jpg 1536w, https:\/\/croixglorieuse.org\/paques\/wp-content\/uploads\/2020\/04\/Samedi-saint-Vivre-avec-Marie-1-scaled.jpg 1920w\" sizes=\"(max-width: 222px) 100vw, 222px\" \/><\/figure>\n\n\n\n<figure class=\"wp-block-image size-large is-resized\"><img loading=\"lazy\" src=\"https:\/\/croixglorieuse.org\/paques\/wp-content\/uploads\/2020\/04\/Samedi-saint-Vivre-avec-Marie-2-1024x578.jpg\" alt=\"\" class=\"wp-image-93\" width=\"442\" height=\"247\"\/><\/figure>\n\n\n\n<p>Prier en dansant \u00ab\u00a0Ave Maria\u00a0\u00bb De Glorious<\/p>\n\n\n\n<figure class=\"wp-block-embed-youtube wp-block-embed is-type-video is-provider-youtube wp-embed-aspect-16-9 wp-has-aspect-ratio\"><div class=\"wp-block-embed__wrapper\">\n<iframe loading=\"lazy\" title=\"Gestuelle &quot;Ave Maria&quot; de Glorious\" width=\"640\" height=\"360\" src=\"https:\/\/www.youtube.com\/embed\/wEzMAReEkZE?feature=oembed\" frameborder=\"0\" allow=\"accelerometer; autoplay; encrypted-media; gyroscope; picture-in-picture\" allowfullscreen><\/iframe>\n<\/div><\/figure>\n\n\n\n<p><\/p>\n","protected":false},"excerpt":{"rendered":"<p>Samedi Saint Samedi saint, jour d\u2019intimit\u00e9 avec Marie, jour de silence\u2026 Jour d\u2019anamn\u00e8se o\u00f9 on revoit le chemin parcouru avec J\u00e9sus \u2026 Jour de larmes [&hellip;]<\/p>\n","protected":false},"author":1,"featured_media":0,"parent":0,"menu_order":0,"comment_status":"closed","ping_status":"closed","template":"","meta":[],"_links":{"self":[{"href":"https:\/\/croixglorieuse.org\/paques\/wp-json\/wp\/v2\/pages\/34"}],"collection":[{"href":"https:\/\/croixglorieuse.org\/paques\/wp-json\/wp\/v2\/pages"}],"about":[{"href":"https:\/\/croixglorieuse.org\/paques\/wp-json\/wp\/v2\/types\/page"}],"author":[{"embeddable":true,"href":"https:\/\/croixglorieuse.org\/paques\/wp-json\/wp\/v2\/users\/1"}],"replies":[{"embeddable":true,"href":"https:\/\/croixglorieuse.org\/paques\/wp-json\/wp\/v2\/comments?post=34"}],"version-history":[{"count":7,"href":"https:\/\/croixglorieuse.org\/paques\/wp-json\/wp\/v2\/pages\/34\/revisions"}],"predecessor-version":[{"id":134,"href":"https:\/\/croixglorieuse.org\/paques\/wp-json\/wp\/v2\/pages\/34\/revisions\/134"}],"wp:attachment":[{"href":"https:\/\/croixglorieuse.org\/paques\/wp-json\/wp\/v2\/media?parent=34"}],"curies":[{"name":"wp","href":"https:\/\/api.w.org\/{rel}","templated":true}]}}