{"id":36,"date":"2020-04-03T08:32:56","date_gmt":"2020-04-03T06:32:56","guid":{"rendered":"https:\/\/croixglorieuse.org\/paques\/?page_id=36"},"modified":"2020-04-03T18:03:19","modified_gmt":"2020-04-03T16:03:19","slug":"paques","status":"publish","type":"page","link":"https:\/\/croixglorieuse.org\/paques\/paques\/","title":{"rendered":"P\u00e2ques"},"content":{"rendered":"\n<h2>Dimanche de P\u00e2ques<\/h2>\n\n\n\n<p>R\u00e9f\u00e9rence Biblique (cliquer dessus) : <a href=\"https:\/\/www.aelf.org\/bible\/Jn\/20\">Jean ch 20 verset 1-21<\/a><\/p>\n\n\n\n<figure class=\"wp-block-embed-youtube wp-block-embed is-type-video is-provider-youtube wp-embed-aspect-16-9 wp-has-aspect-ratio\"><div class=\"wp-block-embed__wrapper\">\n<iframe loading=\"lazy\" title=\"Dimanche de P\u00e2ques  La r\u00e9surrection de J\u00e9sus 1\" width=\"640\" height=\"360\" src=\"https:\/\/www.youtube.com\/embed\/enj5_sxkkv4?feature=oembed\" frameborder=\"0\" allow=\"accelerometer; autoplay; encrypted-media; gyroscope; picture-in-picture\" allowfullscreen><\/iframe>\n<\/div><\/figure>\n\n\n\n<figure class=\"wp-block-embed-youtube wp-block-embed is-type-video is-provider-youtube wp-embed-aspect-16-9 wp-has-aspect-ratio\"><div class=\"wp-block-embed__wrapper\">\n<iframe loading=\"lazy\" title=\"Dimanche de P\u00e2ques   La r\u00e9surrection 2\" width=\"640\" height=\"360\" src=\"https:\/\/www.youtube.com\/embed\/D7orDmsZTUs?feature=oembed\" frameborder=\"0\" allow=\"accelerometer; autoplay; encrypted-media; gyroscope; picture-in-picture\" allowfullscreen><\/iframe>\n<\/div><\/figure>\n\n\n\n<figure class=\"wp-block-embed-youtube wp-block-embed is-type-video is-provider-youtube wp-embed-aspect-16-9 wp-has-aspect-ratio\"><div class=\"wp-block-embed__wrapper\">\n<iframe loading=\"lazy\" title=\"Dimanche de P\u00e2ques  La r\u00e9surrection 3\" width=\"640\" height=\"360\" src=\"https:\/\/www.youtube.com\/embed\/6gMSp33CDss?feature=oembed\" frameborder=\"0\" allow=\"accelerometer; autoplay; encrypted-media; gyroscope; picture-in-picture\" allowfullscreen><\/iframe>\n<\/div><\/figure>\n\n\n\n<figure class=\"wp-block-gallery columns-3 is-cropped\"><ul class=\"blocks-gallery-grid\"><li class=\"blocks-gallery-item\"><figure><img loading=\"lazy\" width=\"1024\" height=\"768\" src=\"https:\/\/croixglorieuse.org\/paques\/wp-content\/uploads\/2020\/04\/Dimanche-de-P\u00e2ques-La-R\u00e9surrection-de-J\u00e9sus-d\u00e9co-1-1024x768.jpg\" alt=\"\" data-id=\"99\" data-full-url=\"https:\/\/croixglorieuse.org\/paques\/wp-content\/uploads\/2020\/04\/Dimanche-de-P\u00e2ques-La-R\u00e9surrection-de-J\u00e9sus-d\u00e9co-1-scaled.jpg\" data-link=\"https:\/\/croixglorieuse.org\/paques\/paques\/dimanche-de-paques-la-resurrection-de-jesus-deco-1\/\" class=\"wp-image-99\" srcset=\"https:\/\/croixglorieuse.org\/paques\/wp-content\/uploads\/2020\/04\/Dimanche-de-P\u00e2ques-La-R\u00e9surrection-de-J\u00e9sus-d\u00e9co-1-1024x768.jpg 1024w, https:\/\/croixglorieuse.org\/paques\/wp-content\/uploads\/2020\/04\/Dimanche-de-P\u00e2ques-La-R\u00e9surrection-de-J\u00e9sus-d\u00e9co-1-300x225.jpg 300w, https:\/\/croixglorieuse.org\/paques\/wp-content\/uploads\/2020\/04\/Dimanche-de-P\u00e2ques-La-R\u00e9surrection-de-J\u00e9sus-d\u00e9co-1-768x576.jpg 768w, https:\/\/croixglorieuse.org\/paques\/wp-content\/uploads\/2020\/04\/Dimanche-de-P\u00e2ques-La-R\u00e9surrection-de-J\u00e9sus-d\u00e9co-1-1536x1152.jpg 1536w, https:\/\/croixglorieuse.org\/paques\/wp-content\/uploads\/2020\/04\/Dimanche-de-P\u00e2ques-La-R\u00e9surrection-de-J\u00e9sus-d\u00e9co-1-2048x1536.jpg 2048w\" sizes=\"(max-width: 1024px) 100vw, 1024px\" \/><\/figure><\/li><li class=\"blocks-gallery-item\"><figure><img loading=\"lazy\" width=\"1024\" height=\"768\" src=\"https:\/\/croixglorieuse.org\/paques\/wp-content\/uploads\/2020\/04\/Dimanche-de-P\u00e2ques-La-R\u00e9surrection-de-J\u00e9sus-d\u00e9co-3-1024x768.jpg\" alt=\"\" data-id=\"101\" data-full-url=\"https:\/\/croixglorieuse.org\/paques\/wp-content\/uploads\/2020\/04\/Dimanche-de-P\u00e2ques-La-R\u00e9surrection-de-J\u00e9sus-d\u00e9co-3-scaled.jpg\" data-link=\"https:\/\/croixglorieuse.org\/paques\/paques\/dimanche-de-paques-la-resurrection-de-jesus-deco-3\/\" class=\"wp-image-101\" srcset=\"https:\/\/croixglorieuse.org\/paques\/wp-content\/uploads\/2020\/04\/Dimanche-de-P\u00e2ques-La-R\u00e9surrection-de-J\u00e9sus-d\u00e9co-3-1024x768.jpg 1024w, https:\/\/croixglorieuse.org\/paques\/wp-content\/uploads\/2020\/04\/Dimanche-de-P\u00e2ques-La-R\u00e9surrection-de-J\u00e9sus-d\u00e9co-3-300x225.jpg 300w, https:\/\/croixglorieuse.org\/paques\/wp-content\/uploads\/2020\/04\/Dimanche-de-P\u00e2ques-La-R\u00e9surrection-de-J\u00e9sus-d\u00e9co-3-768x576.jpg 768w, https:\/\/croixglorieuse.org\/paques\/wp-content\/uploads\/2020\/04\/Dimanche-de-P\u00e2ques-La-R\u00e9surrection-de-J\u00e9sus-d\u00e9co-3-1536x1152.jpg 1536w, https:\/\/croixglorieuse.org\/paques\/wp-content\/uploads\/2020\/04\/Dimanche-de-P\u00e2ques-La-R\u00e9surrection-de-J\u00e9sus-d\u00e9co-3-2048x1536.jpg 2048w\" sizes=\"(max-width: 1024px) 100vw, 1024px\" \/><\/figure><\/li><li class=\"blocks-gallery-item\"><figure><img loading=\"lazy\" width=\"1024\" height=\"768\" src=\"https:\/\/croixglorieuse.org\/paques\/wp-content\/uploads\/2020\/04\/Dimanche-de-P\u00e2ques-La-R\u00e9surrection-de-J\u00e9sus-d\u00e9co-2-1024x768.jpg\" alt=\"\" data-id=\"100\" data-full-url=\"https:\/\/croixglorieuse.org\/paques\/wp-content\/uploads\/2020\/04\/Dimanche-de-P\u00e2ques-La-R\u00e9surrection-de-J\u00e9sus-d\u00e9co-2-scaled.jpg\" data-link=\"https:\/\/croixglorieuse.org\/paques\/paques\/dimanche-de-paques-la-resurrection-de-jesus-deco-2\/\" class=\"wp-image-100\" srcset=\"https:\/\/croixglorieuse.org\/paques\/wp-content\/uploads\/2020\/04\/Dimanche-de-P\u00e2ques-La-R\u00e9surrection-de-J\u00e9sus-d\u00e9co-2-1024x768.jpg 1024w, https:\/\/croixglorieuse.org\/paques\/wp-content\/uploads\/2020\/04\/Dimanche-de-P\u00e2ques-La-R\u00e9surrection-de-J\u00e9sus-d\u00e9co-2-300x225.jpg 300w, https:\/\/croixglorieuse.org\/paques\/wp-content\/uploads\/2020\/04\/Dimanche-de-P\u00e2ques-La-R\u00e9surrection-de-J\u00e9sus-d\u00e9co-2-768x576.jpg 768w, https:\/\/croixglorieuse.org\/paques\/wp-content\/uploads\/2020\/04\/Dimanche-de-P\u00e2ques-La-R\u00e9surrection-de-J\u00e9sus-d\u00e9co-2-1536x1152.jpg 1536w, https:\/\/croixglorieuse.org\/paques\/wp-content\/uploads\/2020\/04\/Dimanche-de-P\u00e2ques-La-R\u00e9surrection-de-J\u00e9sus-d\u00e9co-2-2048x1536.jpg 2048w\" sizes=\"(max-width: 1024px) 100vw, 1024px\" \/><\/figure><\/li><li class=\"blocks-gallery-item\"><figure><img loading=\"lazy\" width=\"1024\" height=\"768\" src=\"https:\/\/croixglorieuse.org\/paques\/wp-content\/uploads\/2020\/04\/Dimanche-de-P\u00e2ques-La-R\u00e9surrection-de-J\u00e9sus-d\u00e9co-4-1024x768.jpg\" alt=\"\" data-id=\"102\" data-full-url=\"https:\/\/croixglorieuse.org\/paques\/wp-content\/uploads\/2020\/04\/Dimanche-de-P\u00e2ques-La-R\u00e9surrection-de-J\u00e9sus-d\u00e9co-4-scaled.jpg\" data-link=\"https:\/\/croixglorieuse.org\/paques\/paques\/dimanche-de-paques-la-resurrection-de-jesus-deco-4\/\" class=\"wp-image-102\" srcset=\"https:\/\/croixglorieuse.org\/paques\/wp-content\/uploads\/2020\/04\/Dimanche-de-P\u00e2ques-La-R\u00e9surrection-de-J\u00e9sus-d\u00e9co-4-1024x768.jpg 1024w, https:\/\/croixglorieuse.org\/paques\/wp-content\/uploads\/2020\/04\/Dimanche-de-P\u00e2ques-La-R\u00e9surrection-de-J\u00e9sus-d\u00e9co-4-300x225.jpg 300w, https:\/\/croixglorieuse.org\/paques\/wp-content\/uploads\/2020\/04\/Dimanche-de-P\u00e2ques-La-R\u00e9surrection-de-J\u00e9sus-d\u00e9co-4-768x576.jpg 768w, https:\/\/croixglorieuse.org\/paques\/wp-content\/uploads\/2020\/04\/Dimanche-de-P\u00e2ques-La-R\u00e9surrection-de-J\u00e9sus-d\u00e9co-4-1536x1152.jpg 1536w, https:\/\/croixglorieuse.org\/paques\/wp-content\/uploads\/2020\/04\/Dimanche-de-P\u00e2ques-La-R\u00e9surrection-de-J\u00e9sus-d\u00e9co-4-2048x1536.jpg 2048w\" sizes=\"(max-width: 1024px) 100vw, 1024px\" \/><\/figure><\/li><li class=\"blocks-gallery-item\"><figure><img loading=\"lazy\" width=\"1024\" height=\"768\" src=\"https:\/\/croixglorieuse.org\/paques\/wp-content\/uploads\/2020\/04\/Dimanche-de-P\u00e2ques-La-R\u00e9surrection-de-J\u00e9sus-d\u00e9co5-1024x768.jpg\" alt=\"\" data-id=\"103\" data-full-url=\"https:\/\/croixglorieuse.org\/paques\/wp-content\/uploads\/2020\/04\/Dimanche-de-P\u00e2ques-La-R\u00e9surrection-de-J\u00e9sus-d\u00e9co5-scaled.jpg\" data-link=\"https:\/\/croixglorieuse.org\/paques\/paques\/dimanche-de-paques-la-resurrection-de-jesus-deco5\/\" class=\"wp-image-103\" srcset=\"https:\/\/croixglorieuse.org\/paques\/wp-content\/uploads\/2020\/04\/Dimanche-de-P\u00e2ques-La-R\u00e9surrection-de-J\u00e9sus-d\u00e9co5-1024x768.jpg 1024w, https:\/\/croixglorieuse.org\/paques\/wp-content\/uploads\/2020\/04\/Dimanche-de-P\u00e2ques-La-R\u00e9surrection-de-J\u00e9sus-d\u00e9co5-300x225.jpg 300w, https:\/\/croixglorieuse.org\/paques\/wp-content\/uploads\/2020\/04\/Dimanche-de-P\u00e2ques-La-R\u00e9surrection-de-J\u00e9sus-d\u00e9co5-768x576.jpg 768w, https:\/\/croixglorieuse.org\/paques\/wp-content\/uploads\/2020\/04\/Dimanche-de-P\u00e2ques-La-R\u00e9surrection-de-J\u00e9sus-d\u00e9co5-1536x1152.jpg 1536w, https:\/\/croixglorieuse.org\/paques\/wp-content\/uploads\/2020\/04\/Dimanche-de-P\u00e2ques-La-R\u00e9surrection-de-J\u00e9sus-d\u00e9co5-2048x1536.jpg 2048w\" sizes=\"(max-width: 1024px) 100vw, 1024px\" \/><\/figure><\/li><\/ul><\/figure>\n\n\n\n<p>Et si vous n&rsquo;avez pas de fleur, voici un tuto pour faire des jolies fleurs facilement ! <\/p>\n\n\n\n<figure class=\"wp-block-embed-youtube wp-block-embed is-type-video is-provider-youtube wp-embed-aspect-16-9 wp-has-aspect-ratio\"><div class=\"wp-block-embed__wrapper\">\n<iframe loading=\"lazy\" title=\"FABRIQUER UNE ROSE EN SERVIETTE EN PAPIER\" width=\"640\" height=\"360\" src=\"https:\/\/www.youtube.com\/embed\/hLoe9skRaWc?feature=oembed\" frameborder=\"0\" allow=\"accelerometer; autoplay; encrypted-media; gyroscope; picture-in-picture\" allowfullscreen><\/iframe>\n<\/div><\/figure>\n\n\n\n<p><\/p>\n","protected":false},"excerpt":{"rendered":"<p>Dimanche de P\u00e2ques R\u00e9f\u00e9rence Biblique (cliquer dessus) : Jean ch 20 verset 1-21 Et si vous n&rsquo;avez pas de fleur, voici un tuto pour faire [&hellip;]<\/p>\n","protected":false},"author":1,"featured_media":0,"parent":0,"menu_order":0,"comment_status":"closed","ping_status":"closed","template":"","meta":[],"_links":{"self":[{"href":"https:\/\/croixglorieuse.org\/paques\/wp-json\/wp\/v2\/pages\/36"}],"collection":[{"href":"https:\/\/croixglorieuse.org\/paques\/wp-json\/wp\/v2\/pages"}],"about":[{"href":"https:\/\/croixglorieuse.org\/paques\/wp-json\/wp\/v2\/types\/page"}],"author":[{"embeddable":true,"href":"https:\/\/croixglorieuse.org\/paques\/wp-json\/wp\/v2\/users\/1"}],"replies":[{"embeddable":true,"href":"https:\/\/croixglorieuse.org\/paques\/wp-json\/wp\/v2\/comments?post=36"}],"version-history":[{"count":11,"href":"https:\/\/croixglorieuse.org\/paques\/wp-json\/wp\/v2\/pages\/36\/revisions"}],"predecessor-version":[{"id":173,"href":"https:\/\/croixglorieuse.org\/paques\/wp-json\/wp\/v2\/pages\/36\/revisions\/173"}],"wp:attachment":[{"href":"https:\/\/croixglorieuse.org\/paques\/wp-json\/wp\/v2\/media?parent=36"}],"curies":[{"name":"wp","href":"https:\/\/api.w.org\/{rel}","templated":true}]}}